{"id":15,"date":"2024-04-06T07:44:05","date_gmt":"2024-04-06T07:44:05","guid":{"rendered":"https:\/\/anvprojekt.hr\/?page_id=15"},"modified":"2025-03-14T09:17:35","modified_gmt":"2025-03-14T09:17:35","slug":"kontakt","status":"publish","type":"page","link":"https:\/\/anvprojekt.hr\/?page_id=15","title":{"rendered":"Kontakt"},"content":{"rendered":"\n<p>[gtranslate widget_look=&#8221;flags&#8221;]<\/p>\n\n\n\n<div class=\"wp-block-cover alignfull is-light\" style=\"padding-top:100px;padding-bottom:100px\"><span aria-hidden=\"true\" class=\"wp-block-cover__background has-background-dim-100 has-background-dim\" style=\"background-color:#f7f8f9\"><\/span><div class=\"wp-block-cover__inner-container has-global-padding is-layout-constrained wp-container-core-cover-is-layout-0e8914e2 wp-block-cover-is-layout-constrained\">\n<h2 class=\"wp-block-heading has-text-align-center has-text-color\" style=\"color:#000000;margin-top:0;margin-right:0;margin-bottom:0;margin-left:0;font-size:clamp(15.197px, 0.95rem + ((1vw - 3.2px) * 0.887), 23px);line-height:1.2\">Ako tra\u017eite specijaliziranu tvrtku koja \u0107e vam pru\u017eiti kompletnu uslugu gra\u0111evinskih radova koji uklju\u010duju adaptaciju, ure\u0111enje, sanaciju i odr\u017eavanje va\u0161e nekretnine, te PVC stolariju vrhunske zvu\u010dne i toplinske izolacije, hermeti\u010dnosti te dugovje\u010dnosti slobodno nam se javite!<\/h2>\n\n\n\n<div class=\"wp-block-group has-text-color has-link-color wp-elements-5443e4ec35b5ecd80bd70dfe5d41fe46 has-global-padding is-layout-constrained wp-block-group-is-layout-constrained\" style=\"color:#ffffff;margin-top:3.51rem\"><\/div>\n<\/div><\/div>\n\n\n\n<hr class=\"wp-block-separator has-alpha-channel-opacity is-style-dots\"\/>\n\n\n\n<h2 class=\"wp-block-heading has-text-align-center\">Kontakt<\/h2>\n\n\n\n<blockquote class=\"wp-block-quote is-layout-flow wp-block-quote-is-layout-flow\">\n<p>Na\u0161 tim stru\u010dnjaka iz raznovrsnih podru\u010dja predano radi na pru\u017eanju usluga vrhunske kvalitete osiguravaju\u0107i da su sve potrebe klijenata zadovoljene s visokom razinom profesionalnosti i pa\u017enje. Uz pa\u017eljivu analizu Va\u0161eg zahtjeva i situacije, predla\u017eemo najbolje mogu\u0107e rje\u0161enje za va\u0161e potrebe.<\/p>\n<cite>Antonela Vrdoljak, vlasnica<\/cite><\/blockquote>\n\n\n\n<div class=\"wp-block-cover alignfull is-light\" style=\"margin-top:0;margin-bottom:0;padding-top:0;padding-bottom:0;min-height:304px;aspect-ratio:unset;\"><span aria-hidden=\"true\" class=\"wp-block-cover__background has-base-background-color has-background-dim-0 has-background-dim\"><\/span><div class=\"wp-block-cover__inner-container has-global-padding is-layout-constrained wp-container-core-cover-is-layout-2d4dec71 wp-block-cover-is-layout-constrained\">\n<div class=\"wp-block-columns is-layout-flex wp-container-core-columns-is-layout-2ca6c66e wp-block-columns-is-layout-flex\" style=\"margin-top:5rem;margin-bottom:5rem;padding-right:2rem;padding-left:2rem\">\n<div class=\"wp-block-column has-global-padding is-layout-constrained wp-container-core-column-is-layout-0de311d3 wp-block-column-is-layout-constrained\" style=\"padding-right:0;padding-left:0\">\n<div class=\"wp-block-group is-vertical is-content-justification-center is-layout-flex wp-container-core-group-is-layout-2cec4ef0 wp-block-group-is-layout-flex\" style=\"min-height:100%\">\n<figure class=\"wp-block-image aligncenter size-full is-resized wp-duotone-434343-7f7f7f-1\"><img decoding=\"async\" src=\"https:\/\/tyler.com\/wp-content\/uploads\/2023\/11\/marble-icon1.png\" alt=\"\" class=\"wp-image-1847\" style=\"width:48px;height:undefinedpx\"\/><\/figure>\n\n\n\n<p class=\"has-text-align-center has-text-color has-link-color wp-elements-b5e04375104039bf5b7994ad5add862c\" style=\"color:#000000;font-size:clamp(14px, 0.875rem + ((1vw - 3.2px) * 0.455), 18px);\">Dra\u010devi\u010dka 7           (Veliko polje)<\/p>\n<\/div>\n<\/div>\n\n\n\n<div class=\"wp-block-column is-layout-flow wp-block-column-is-layout-flow\">\n<div class=\"wp-block-group is-vertical is-content-justification-center is-layout-flex wp-container-core-group-is-layout-73867b6b wp-block-group-is-layout-flex\" style=\"min-height:100%\">\n<figure class=\"wp-block-image aligncenter size-full is-resized wp-duotone-434343-7f7f7f-2\"><img decoding=\"async\" src=\"https:\/\/tyler.com\/wp-content\/uploads\/2023\/11\/marble-icon2.png\" alt=\"\" class=\"wp-image-1848\" style=\"width:40px;height:undefinedpx\"\/><\/figure>\n\n\n\n<div class=\"wp-block-group has-global-padding is-layout-constrained wp-block-group-is-layout-constrained\">\n<p class=\"has-text-align-center has-text-color\" style=\"color:#000000;margin-top:48px;font-size:clamp(14px, 0.875rem + ((1vw - 3.2px) * 0.455), 18px);line-height:1.8\"><a href=\"tel:+385955673163\">+385955673163<\/a><\/p>\n<\/div>\n<\/div>\n<\/div>\n\n\n\n<div class=\"wp-block-column is-layout-flow wp-block-column-is-layout-flow\">\n<div class=\"wp-block-group is-vertical is-content-justification-center is-layout-flex wp-container-core-group-is-layout-b6c228df wp-block-group-is-layout-flex\" style=\"min-height:100%\">\n<figure class=\"wp-block-image aligncenter size-full is-resized wp-duotone-434343-7f7f7f-3\"><img decoding=\"async\" src=\"https:\/\/tyler.com\/wp-content\/uploads\/2023\/11\/marble-icon3.png\" alt=\"\" class=\"wp-image-1849\" style=\"width:48px;height:undefinedpx\"\/><\/figure>\n\n\n\n<p class=\"has-text-align-center has-text-color\" style=\"color:#000000;font-size:clamp(14px, 0.875rem + ((1vw - 3.2px) * 0.455), 18px);line-height:1.8\"><a href=\"mailto:info@anvprojekt.hr\">info@anvprojekt.hr<\/a><\/p>\n<\/div>\n<\/div>\n\n\n\n<div class=\"wp-block-column is-layout-flow wp-block-column-is-layout-flow\">\n<div class=\"wp-block-group is-vertical is-content-justification-center is-layout-flex wp-container-core-group-is-layout-b6c228df wp-block-group-is-layout-flex\" style=\"min-height:100%\">\n<figure class=\"wp-block-image aligncenter size-full is-resized wp-duotone-unset-4\"><a href=\"https:\/\/www.instagram.com\/anv_projekt?utm_source=ig_web_button_share_sheet&amp;igsh=ZDNlZDc0MzIxNw==\"><img loading=\"lazy\" decoding=\"async\" width=\"640\" height=\"640\" src=\"https:\/\/anvprojekt.hr\/wp-content\/uploads\/2024\/04\/instagram-1834010_640-1.png\" alt=\"\" class=\"wp-image-241\" style=\"width:124px;height:auto\" srcset=\"https:\/\/anvprojekt.hr\/wp-content\/uploads\/2024\/04\/instagram-1834010_640-1.png 640w, https:\/\/anvprojekt.hr\/wp-content\/uploads\/2024\/04\/instagram-1834010_640-1-300x300.png 300w, https:\/\/anvprojekt.hr\/wp-content\/uploads\/2024\/04\/instagram-1834010_640-1-150x150.png 150w\" sizes=\"auto, (max-width: 640px) 100vw, 640px\" \/><\/a><\/figure>\n<\/div>\n<\/div>\n\n\n\n<div class=\"wp-block-column is-layout-flow wp-block-column-is-layout-flow\">\n<div class=\"wp-block-group is-vertical is-content-justification-center is-layout-flex wp-container-core-group-is-layout-b6c228df wp-block-group-is-layout-flex\" style=\"min-height:100%\">\n<figure class=\"wp-block-image size-large is-resized\"><a href=\"https:\/\/www.facebook.com\/anv.projekt?mibextid=LQQJ4d&amp;rdid=JdqbXsW5lR2bOUdL\"><img loading=\"lazy\" decoding=\"async\" width=\"1024\" height=\"1024\" src=\"https:\/\/anvprojekt.hr\/wp-content\/uploads\/2024\/04\/facebook-1834007_1920-1024x1024.png\" alt=\"\" class=\"wp-image-265\" style=\"width:124px;height:auto\" srcset=\"https:\/\/anvprojekt.hr\/wp-content\/uploads\/2024\/04\/facebook-1834007_1920-1024x1024.png 1024w, https:\/\/anvprojekt.hr\/wp-content\/uploads\/2024\/04\/facebook-1834007_1920-300x300.png 300w, https:\/\/anvprojekt.hr\/wp-content\/uploads\/2024\/04\/facebook-1834007_1920-150x150.png 150w, https:\/\/anvprojekt.hr\/wp-content\/uploads\/2024\/04\/facebook-1834007_1920-768x768.png 768w, https:\/\/anvprojekt.hr\/wp-content\/uploads\/2024\/04\/facebook-1834007_1920-1536x1536.png 1536w, https:\/\/anvprojekt.hr\/wp-content\/uploads\/2024\/04\/facebook-1834007_1920.png 1920w\" sizes=\"auto, (max-width: 1024px) 100vw, 1024px\" \/><\/a><\/figure>\n<\/div>\n<\/div>\n<\/div>\n<\/div><\/div>\n\n\n\n<div class=\"wp-block-cover alignfull is-light\" style=\"border-style:none;border-width:0px;margin-top:0;margin-bottom:0rem;padding-top:0;padding-right:0;padding-bottom:0;padding-left:0\"><span aria-hidden=\"true\" class=\"wp-block-cover__background has-custom-color-3-background-color has-background-dim-0 has-background-dim\"><\/span><div class=\"wp-block-cover__inner-container is-layout-flow wp-container-core-cover-is-layout-d94edf89 wp-block-cover-is-layout-flow\">\n<div class=\"wp-block-columns is-layout-flex wp-container-core-columns-is-layout-28f84493 wp-block-columns-is-layout-flex\">\n<div class=\"wp-block-column is-layout-flow wp-block-column-is-layout-flow\" style=\"flex-basis:100%\">\n<iframe src=\"https:\/\/www.google.com\/maps\/embed?pb=!1m18!1m12!1m3!1d51474.2016907398!2d15.987223844841262!3d45.74010427205661!2m3!1f0!2f0!3f0!3m2!1i1024!2i768!4f13.1!3m3!1m2!1s0x47667f73e53d42c3%3A0x1be66099737b177a!2sDra%C4%8Devi%C4%8Dka%20ul.%207%2C%2010000%2C%20Veliko%20Polje!5e0!3m2!1sen!2shr!4v1731492935079!5m2!1sen!2shr\" width=\"2400\" height=\"600\" style=\"border:0;\" allowfullscreen=\"\" loading=\"lazy\" referrerpolicy=\"no-referrer-when-downgrade\"><\/iframe>\n<\/div>\n<\/div>\n<\/div><\/div>\n","protected":false},"excerpt":{"rendered":"<p>[gtranslate widget_look=&#8221;flags&#8221;] Kontakt Na\u0161 tim stru\u010dnjaka iz raznovrsnih podru\u010dja predano radi na pru\u017eanju usluga vrhunske kvalitete osiguravaju\u0107i da su sve potrebe klijenata zadovoljene s visokom razinom profesionalnosti i pa\u017enje. Uz pa\u017eljivu analizu Va\u0161eg zahtjeva i situacije, predla\u017eemo najbolje mogu\u0107e rje\u0161enje za va\u0161e potrebe. Antonela Vrdoljak, vlasnica<\/p>\n","protected":false},"author":1,"featured_media":0,"parent":0,"menu_order":0,"comment_status":"closed","ping_status":"closed","template":"","meta":{"footnotes":""},"class_list":["post-15","page","type-page","status-publish","hentry"],"_links":{"self":[{"href":"https:\/\/anvprojekt.hr\/index.php?rest_route=\/wp\/v2\/pages\/15","targetHints":{"allow":["GET"]}}],"collection":[{"href":"https:\/\/anvprojekt.hr\/index.php?rest_route=\/wp\/v2\/pages"}],"about":[{"href":"https:\/\/anvprojekt.hr\/index.php?rest_route=\/wp\/v2\/types\/page"}],"author":[{"embeddable":true,"href":"https:\/\/anvprojekt.hr\/index.php?rest_route=\/wp\/v2\/users\/1"}],"replies":[{"embeddable":true,"href":"https:\/\/anvprojekt.hr\/index.php?rest_route=%2Fwp%2Fv2%2Fcomments&post=15"}],"version-history":[{"count":31,"href":"https:\/\/anvprojekt.hr\/index.php?rest_route=\/wp\/v2\/pages\/15\/revisions"}],"predecessor-version":[{"id":518,"href":"https:\/\/anvprojekt.hr\/index.php?rest_route=\/wp\/v2\/pages\/15\/revisions\/518"}],"wp:attachment":[{"href":"https:\/\/anvprojekt.hr\/index.php?rest_route=%2Fwp%2Fv2%2Fmedia&parent=15"}],"curies":[{"name":"wp","href":"https:\/\/api.w.org\/{rel}","templated":true}]}}